{"id":756,"date":"2018-08-30T16:20:16","date_gmt":"2018-08-30T19:20:16","guid":{"rendered":"https:\/\/ifdcpatquia-lrj.infd.edu.ar\/sitio\/datos-institucionales\/"},"modified":"2025-07-09T11:37:47","modified_gmt":"2025-07-09T14:37:47","slug":"datos-institucionales","status":"publish","type":"page","link":"https:\/\/ifdcpatquia-lrj.infd.edu.ar\/sitio\/datos-institucionales\/","title":{"rendered":"Datos institucionales"},"content":{"rendered":"<blockquote>\n<h2 style=\"text-align: center;\"><span style=\"font-family: verdana; font-size: large; color: #008080;\"> Instituto Superior de Formaci\u00f3n Docente<br \/>\n\u00abALBERTO CAVERO\u00bb <\/span><\/h2>\n<ul>\n<li><span style=\"font-family: helvetica; font-size: 12pt;\"><span style=\"color: #808000;\"><strong>Horario:<\/strong><\/span> <strong>16:20 a 22:00<\/strong><\/span><\/li>\n<li><span style=\"font-family: helvetica; font-size: 12pt;\"><strong><span style=\"color: #808000;\">Direcci\u00f3n:<\/span> Libertad y San Martin &#8211; Patquia (LR)<\/strong><\/span><\/li>\n<li><span style=\"font-family: helvetica; font-size: 12pt;\"><span style=\"color: #808000;\"><strong>Tel\u00e9fono:<\/strong><\/span> <strong>3804 &#8211; 392742<\/strong><\/span><\/li>\n<li><span style=\"font-family: helvetica; font-size: 12pt;\"><span style=\"color: #808000;\"><strong>Correo Electr\u00f3nico:<\/strong> <\/span><strong>isfd.patquia@gmail.com<\/strong><\/span><\/li>\n<li><span style=\"font-family: helvetica; font-size: 12pt;\"><strong><span style=\"color: #808000;\">URL:<\/span>\u00a0http:\/\/ifdcpatquia.lrj.infd.edu.ar\/<\/strong><\/span><\/li>\n<\/ul>\n<p style=\"text-align: center;\"><iframe loading=\"lazy\" style=\"border: 0;\" src=\"https:\/\/www.google.com\/maps\/embed?pb=!1m24!1m12!1m3!1d3554.9957498368763!2d-66.88057313206674!3d-30.042824159292696!2m3!1f0!2f0!3f0!3m2!1i1024!2i768!4f13.1!4m9!3e0!4m3!3m2!1d-30.0437135!2d-66.8801683!4m3!3m2!1d-30.0434798!2d-66.8800749!5e0!3m2!1ses-419!2sar!4v1535497503684\" width=\"600\" height=\"450\" frameborder=\"0\" allowfullscreen=\"allowfullscreen\"><\/iframe><\/p>\n<\/blockquote>\n","protected":false},"excerpt":{"rendered":"<p>Instituto Superior de Formaci\u00f3n Docente \u00abALBERTO CAVERO\u00bb Horario: 16:20 a 22:00 Direcci\u00f3n: Libertad y San Martin &#8211; Patquia (LR) Tel\u00e9fono: 3804 &#8211; 392742 Correo Electr\u00f3nico: isfd.patquia@gmail.com URL:\u00a0http:\/\/ifdcpatquia.lrj.infd.edu.ar\/<\/p>\n","protected":false},"author":285,"featured_media":0,"parent":0,"menu_order":0,"comment_status":"closed","ping_status":"closed","template":"","meta":[],"acf":[],"_links":{"self":[{"href":"https:\/\/ifdcpatquia-lrj.infd.edu.ar\/sitio\/wp-json\/wp\/v2\/pages\/756"}],"collection":[{"href":"https:\/\/ifdcpatquia-lrj.infd.edu.ar\/sitio\/wp-json\/wp\/v2\/pages"}],"about":[{"href":"https:\/\/ifdcpatquia-lrj.infd.edu.ar\/sitio\/wp-json\/wp\/v2\/types\/page"}],"author":[{"embeddable":true,"href":"https:\/\/ifdcpatquia-lrj.infd.edu.ar\/sitio\/wp-json\/wp\/v2\/users\/285"}],"replies":[{"embeddable":true,"href":"https:\/\/ifdcpatquia-lrj.infd.edu.ar\/sitio\/wp-json\/wp\/v2\/comments?post=756"}],"version-history":[{"count":1,"href":"https:\/\/ifdcpatquia-lrj.infd.edu.ar\/sitio\/wp-json\/wp\/v2\/pages\/756\/revisions"}],"predecessor-version":[{"id":1212,"href":"https:\/\/ifdcpatquia-lrj.infd.edu.ar\/sitio\/wp-json\/wp\/v2\/pages\/756\/revisions\/1212"}],"wp:attachment":[{"href":"https:\/\/ifdcpatquia-lrj.infd.edu.ar\/sitio\/wp-json\/wp\/v2\/media?parent=756"}],"curies":[{"name":"wp","href":"https:\/\/api.w.org\/{rel}","templated":true}]}}