{"id":286,"date":"2016-10-31T13:17:59","date_gmt":"2016-10-31T16:17:59","guid":{"rendered":"https:\/\/ifdcpatquia-lrj.infd.edu.ar\/sitio\/?page_id=286"},"modified":"2025-07-09T12:02:35","modified_gmt":"2025-07-09T15:02:35","slug":"inicio","status":"publish","type":"page","link":"https:\/\/ifdcpatquia-lrj.infd.edu.ar\/sitio\/","title":{"rendered":"Inicio"},"content":{"rendered":"<div id=\"metaslider-id-403\" style=\"width: 100%;\" class=\"ml-slider-3-33-0 metaslider metaslider-responsive metaslider-403 ml-slider ms-theme-default\" role=\"region\" aria-roledescription=\"Slideshow\" aria-label=\"Slideshow\">\n    <div id=\"metaslider_container_403\">\n        <ul id='metaslider_403' class='rslides'>\n            <li aria-roledescription='slide' aria-labelledby='slide-0'><img src=\"https:\/\/ifdcpatquia-lrj.infd.edu.ar\/sitio\/wp-content\/uploads\/2019\/02\/IMG_20140527_172851-630x229.jpg\" height=\"400\" width=\"1100\" alt=\"\" class=\"slider-403 slide-607\" title=\"Edificio\" \/><\/li>\n            <li style='display: none;' aria-roledescription='slide' aria-labelledby='slide-1'><img src=\"https:\/\/ifdcpatquia-lrj.infd.edu.ar\/sitio\/wp-content\/uploads\/2025\/03\/presenta1-1100x400.png\" height=\"400\" width=\"1100\" alt=\"\" class=\"slider-403 slide-824\" title=\"presenta1\" \/><\/li>\n            <li style='display: none;' aria-roledescription='slide' aria-labelledby='slide-2'><img src=\"https:\/\/ifdcpatquia-lrj.infd.edu.ar\/sitio\/wp-content\/uploads\/2025\/07\/INSCRIPCIONES-2026-grande-1100x400.png\" height=\"400\" width=\"1100\" alt=\"\" class=\"slider-403 slide-1227\" title=\"INSCRIPCIONES 2026 grande\" \/><\/li>\n        <\/ul>\n        \n    <\/div>\n<\/div>\n<h1 style=\"text-align: center;\"><\/h1>\n<p style=\"text-align: center;\">Este Instituto Superior de Formaci\u00f3n Docente forma parte del sistema de educaci\u00f3n p\u00fablica de gesti\u00f3n estatal.<\/p>\n<p>A trav\u00e9s de este sitio en Internet, nuestro Instituto podr\u00e1 comunicar novedades, acercar informaci\u00f3n, compartir experiencias y brindar apoyo y asesoramiento a\u00a0alumnos, docentes e interesados en formar parte de esta comunidad educativa.<\/p>\n","protected":false},"excerpt":{"rendered":"<p>Este Instituto Superior de Formaci\u00f3n Docente forma parte del sistema de educaci\u00f3n p\u00fablica de gesti\u00f3n estatal. A trav\u00e9s de este sitio en Internet, nuestro Instituto podr\u00e1 comunicar novedades, acercar informaci\u00f3n, compartir experiencias y brindar apoyo y asesoramiento a\u00a0alumnos, docentes e interesados en formar parte de esta comunidad educativa.<\/p>\n","protected":false},"author":1,"featured_media":0,"parent":0,"menu_order":0,"comment_status":"closed","ping_status":"closed","template":"","meta":[],"acf":[],"_links":{"self":[{"href":"https:\/\/ifdcpatquia-lrj.infd.edu.ar\/sitio\/wp-json\/wp\/v2\/pages\/286"}],"collection":[{"href":"https:\/\/ifdcpatquia-lrj.infd.edu.ar\/sitio\/wp-json\/wp\/v2\/pages"}],"about":[{"href":"https:\/\/ifdcpatquia-lrj.infd.edu.ar\/sitio\/wp-json\/wp\/v2\/types\/page"}],"author":[{"embeddable":true,"href":"https:\/\/ifdcpatquia-lrj.infd.edu.ar\/sitio\/wp-json\/wp\/v2\/users\/1"}],"replies":[{"embeddable":true,"href":"https:\/\/ifdcpatquia-lrj.infd.edu.ar\/sitio\/wp-json\/wp\/v2\/comments?post=286"}],"version-history":[{"count":97,"href":"https:\/\/ifdcpatquia-lrj.infd.edu.ar\/sitio\/wp-json\/wp\/v2\/pages\/286\/revisions"}],"predecessor-version":[{"id":1224,"href":"https:\/\/ifdcpatquia-lrj.infd.edu.ar\/sitio\/wp-json\/wp\/v2\/pages\/286\/revisions\/1224"}],"wp:attachment":[{"href":"https:\/\/ifdcpatquia-lrj.infd.edu.ar\/sitio\/wp-json\/wp\/v2\/media?parent=286"}],"curies":[{"name":"wp","href":"https:\/\/api.w.org\/{rel}","templated":true}]}}